{"id":119,"date":"2020-08-19T02:09:07","date_gmt":"2020-08-19T00:09:07","guid":{"rendered":"https:\/\/www.ceginvest.sk\/?page_id=119"},"modified":"2022-03-28T09:41:58","modified_gmt":"2022-03-28T07:41:58","slug":"sluzby","status":"publish","type":"page","link":"https:\/\/www.ceginvest.sk\/?page_id=119","title":{"rendered":"Sluzby"},"content":{"rendered":"\t\t<div data-elementor-type=\"wp-page\" data-elementor-id=\"119\" class=\"elementor elementor-119\" data-elementor-settings=\"[]\">\n\t\t\t\t\t\t\t<div class=\"elementor-section-wrap\">\n\t\t\t\t\t\t\t<section class=\"elementor-section elementor-top-section elementor-element elementor-element-67145ad elementor-section-boxed elementor-section-height-default elementor-section-height-default\" data-id=\"67145ad\" data-element_type=\"section\" data-settings=\"{&quot;background_background&quot;:&quot;classic&quot;}\">\n\t\t\t\t\t\t\t<div class=\"elementor-background-overlay\"><\/div>\n\t\t\t\t\t\t\t<div class=\"elementor-container elementor-column-gap-no\">\n\t\t\t\t\t<div class=\"elementor-column elementor-col-100 elementor-top-column elementor-element elementor-element-b69ac67\" data-id=\"b69ac67\" data-element_type=\"column\">\n\t\t\t<div class=\"elementor-widget-wrap elementor-element-populated\">\n\t\t\t\t\t\t\t\t<div class=\"elementor-element elementor-element-ba6412d elementor-widget elementor-widget-heading\" data-id=\"ba6412d\" data-element_type=\"widget\" data-widget_type=\"heading.default\">\n\t\t\t\t<div class=\"elementor-widget-container\">\n\t\t\t<style>\/*! elementor - v3.5.6 - 28-02-2022 *\/\n.elementor-heading-title{padding:0;margin:0;line-height:1}.elementor-widget-heading .elementor-heading-title[class*=elementor-size-]>a{color:inherit;font-size:inherit;line-height:inherit}.elementor-widget-heading .elementor-heading-title.elementor-size-small{font-size:15px}.elementor-widget-heading .elementor-heading-title.elementor-size-medium{font-size:19px}.elementor-widget-heading .elementor-heading-title.elementor-size-large{font-size:29px}.elementor-widget-heading .elementor-heading-title.elementor-size-xl{font-size:39px}.elementor-widget-heading .elementor-heading-title.elementor-size-xxl{font-size:59px}<\/style><h1 class=\"elementor-heading-title elementor-size-default\">Slu\u017eby<\/h1>\t\t<\/div>\n\t\t\t\t<\/div>\n\t\t\t\t\t<\/div>\n\t\t<\/div>\n\t\t\t\t\t\t\t<\/div>\n\t\t<\/section>\n\t\t\t\t<section class=\"elementor-section elementor-top-section elementor-element elementor-element-8d667eb elementor-section-boxed elementor-section-height-default elementor-section-height-default\" data-id=\"8d667eb\" data-element_type=\"section\" data-settings=\"{&quot;background_background&quot;:&quot;classic&quot;}\">\n\t\t\t\t\t\t\t<div class=\"elementor-background-overlay\"><\/div>\n\t\t\t\t\t\t\t<div class=\"elementor-container elementor-column-gap-no\">\n\t\t\t\t\t<div class=\"elementor-column elementor-col-100 elementor-top-column elementor-element elementor-element-f4061d2\" data-id=\"f4061d2\" data-element_type=\"column\">\n\t\t\t<div class=\"elementor-widget-wrap elementor-element-populated\">\n\t\t\t\t\t\t\t\t<div class=\"elementor-element elementor-element-ecb2c97 elementor-widget elementor-widget-text-editor\" data-id=\"ecb2c97\" data-element_type=\"widget\" data-widget_type=\"text-editor.default\">\n\t\t\t\t<div class=\"elementor-widget-container\">\n\t\t\t<style>\/*! elementor - v3.5.6 - 28-02-2022 *\/\n.elementor-widget-text-editor.elementor-drop-cap-view-stacked .elementor-drop-cap{background-color:#818a91;color:#fff}.elementor-widget-text-editor.elementor-drop-cap-view-framed .elementor-drop-cap{color:#818a91;border:3px solid;background-color:transparent}.elementor-widget-text-editor:not(.elementor-drop-cap-view-default) .elementor-drop-cap{margin-top:8px}.elementor-widget-text-editor:not(.elementor-drop-cap-view-default) .elementor-drop-cap-letter{width:1em;height:1em}.elementor-widget-text-editor .elementor-drop-cap{float:left;text-align:center;line-height:1;font-size:50px}.elementor-widget-text-editor .elementor-drop-cap-letter{display:inline-block}<\/style>\t\t\t\t<h3 style=\"text-align: center;\"><span style=\"font-style: inherit; font-weight: inherit; color: #000000; background-color: var(--ast-global-color-4);\">\u010co v\u00e1m vieme pon\u00faknu\u0165?<\/span><\/h3><p style=\"text-align: center;\"><span style=\"color: #000000;\"><span style=\"font-style: inherit; font-weight: inherit; background-color: var(--ast-global-color-4);\">Na\u0161im z\u00e1kazn\u00edkom pon\u00fakame \u0161irok\u00e9 spektrum kvalitn\u00fdch stavebn\u00fdch materi\u00e1lov a spolu s t\u00fdm aj <\/span><strong style=\"font-style: inherit; background-color: var(--ast-global-color-4);\">komplexn\u00e9 a<\/strong><span style=\"font-style: inherit; font-weight: inherit; background-color: var(--ast-global-color-4);\">\u00a0<\/span><strong style=\"font-style: inherit; background-color: var(--ast-global-color-4);\">nad\u0161tandardn\u00e9<\/strong><span style=\"font-style: inherit; font-weight: inherit; background-color: var(--ast-global-color-4);\">\u00a0<\/span><strong style=\"font-style: inherit; background-color: var(--ast-global-color-4);\">slu\u017eby<\/strong><span style=\"font-style: inherit; font-weight: inherit; background-color: var(--ast-global-color-4);\">.\u00a0<\/span><\/span><\/p><p><span style=\"background-color: var(--ast-global-color-4); color: #000000; font-style: inherit; font-weight: inherit;\">Okrem toho sme ich sprievodcom od ich prv\u00fdch krokov a pom\u00e1hame im r\u00fdchlo a bez probl\u00e9mov sa\u00a0 zorientova\u0165 v tom, \u010do skuto\u010dne potrebuj\u00fa pre svoj projekt.<\/span><\/p>\t\t\t\t\t\t<\/div>\n\t\t\t\t<\/div>\n\t\t\t\t\t<\/div>\n\t\t<\/div>\n\t\t\t\t\t\t\t<\/div>\n\t\t<\/section>\n\t\t\t\t<section class=\"elementor-section elementor-top-section elementor-element elementor-element-a2ffdbe elementor-section-full_width elementor-section-height-default elementor-section-height-default\" data-id=\"a2ffdbe\" data-element_type=\"section\">\n\t\t\t\t\t\t<div class=\"elementor-container elementor-column-gap-no\">\n\t\t\t\t\t<div class=\"elementor-column elementor-col-25 elementor-top-column elementor-element elementor-element-63b7380\" data-id=\"63b7380\" data-element_type=\"column\" data-settings=\"{&quot;background_background&quot;:&quot;classic&quot;}\">\n\t\t\t<div class=\"elementor-widget-wrap elementor-element-populated\">\n\t\t\t\t\t<div class=\"elementor-background-overlay\"><\/div>\n\t\t\t\t\t\t\t\t<div class=\"elementor-element elementor-element-2aa799d elementor-widget elementor-widget-heading\" data-id=\"2aa799d\" data-element_type=\"widget\" data-widget_type=\"heading.default\">\n\t\t\t\t<div class=\"elementor-widget-container\">\n\t\t\t<h4 class=\"elementor-heading-title elementor-size-default\">01.<\/h4>\t\t<\/div>\n\t\t\t\t<\/div>\n\t\t\t\t<div class=\"elementor-element elementor-element-ebeccf4 elementor-widget elementor-widget-heading\" data-id=\"ebeccf4\" data-element_type=\"widget\" data-widget_type=\"heading.default\">\n\t\t\t\t<div class=\"elementor-widget-container\">\n\t\t\t<h3 class=\"elementor-heading-title elementor-size-large\">Slu\u017eby skladovania<\/h3>\t\t<\/div>\n\t\t\t\t<\/div>\n\t\t\t\t<div class=\"elementor-element elementor-element-d57f3c2 elementor-widget elementor-widget-text-editor\" data-id=\"d57f3c2\" data-element_type=\"widget\" data-widget_type=\"text-editor.default\">\n\t\t\t\t<div class=\"elementor-widget-container\">\n\t\t\t\t\t\t\t<p>Komplexn\u00e9 skladov\u00e9 slu\u017eby, skladovanie tovaru. Vieme zabezpe\u010di\u0165 kr\u00e1tkodob\u00e9 i dlhodob\u00e9 skladovanie materi\u00e1lov.<\/p>\t\t\t\t\t\t<\/div>\n\t\t\t\t<\/div>\n\t\t\t\t\t<\/div>\n\t\t<\/div>\n\t\t\t\t<div class=\"elementor-column elementor-col-25 elementor-top-column elementor-element elementor-element-02432a3\" data-id=\"02432a3\" data-element_type=\"column\" data-settings=\"{&quot;background_background&quot;:&quot;classic&quot;}\">\n\t\t\t<div class=\"elementor-widget-wrap elementor-element-populated\">\n\t\t\t\t\t<div class=\"elementor-background-overlay\"><\/div>\n\t\t\t\t\t\t\t\t<div class=\"elementor-element elementor-element-a820a0c elementor-widget elementor-widget-heading\" data-id=\"a820a0c\" data-element_type=\"widget\" data-widget_type=\"heading.default\">\n\t\t\t\t<div class=\"elementor-widget-container\">\n\t\t\t<h4 class=\"elementor-heading-title elementor-size-default\">02.<\/h4>\t\t<\/div>\n\t\t\t\t<\/div>\n\t\t\t\t<div class=\"elementor-element elementor-element-ddee84e elementor-widget elementor-widget-heading\" data-id=\"ddee84e\" data-element_type=\"widget\" data-widget_type=\"heading.default\">\n\t\t\t\t<div class=\"elementor-widget-container\">\n\t\t\t<h3 class=\"elementor-heading-title elementor-size-large\">Manipula\u010dn\u00e9\nslu\u017eby<\/h3>\t\t<\/div>\n\t\t\t\t<\/div>\n\t\t\t\t<div class=\"elementor-element elementor-element-afab0bb elementor-widget elementor-widget-text-editor\" data-id=\"afab0bb\" data-element_type=\"widget\" data-widget_type=\"text-editor.default\">\n\t\t\t\t<div class=\"elementor-widget-container\">\n\t\t\t\t\t\t\t<p>Na\u0161im z\u00e1kazn\u00edkom pon\u00fakame i mo\u017enos\u0165 manipula\u010dn\u00fdch slu\u017eieb, \u010di u\u017e ide o vykl\u00e1dku tovaru alebo in\u00e9.\u00a0<\/p>\t\t\t\t\t\t<\/div>\n\t\t\t\t<\/div>\n\t\t\t\t\t<\/div>\n\t\t<\/div>\n\t\t\t\t<div class=\"elementor-column elementor-col-25 elementor-top-column elementor-element elementor-element-d3f6dbc\" data-id=\"d3f6dbc\" data-element_type=\"column\" data-settings=\"{&quot;background_background&quot;:&quot;classic&quot;}\">\n\t\t\t<div class=\"elementor-widget-wrap elementor-element-populated\">\n\t\t\t\t\t<div class=\"elementor-background-overlay\"><\/div>\n\t\t\t\t\t\t\t\t<div class=\"elementor-element elementor-element-4a99740 elementor-widget elementor-widget-heading\" data-id=\"4a99740\" data-element_type=\"widget\" data-widget_type=\"heading.default\">\n\t\t\t\t<div class=\"elementor-widget-container\">\n\t\t\t<h4 class=\"elementor-heading-title elementor-size-default\">03.<\/h4>\t\t<\/div>\n\t\t\t\t<\/div>\n\t\t\t\t<div class=\"elementor-element elementor-element-491597a elementor-widget elementor-widget-heading\" data-id=\"491597a\" data-element_type=\"widget\" data-widget_type=\"heading.default\">\n\t\t\t\t<div class=\"elementor-widget-container\">\n\t\t\t<h3 class=\"elementor-heading-title elementor-size-large\">Dopravn\u00e9 slu\u017eby<\/h3>\t\t<\/div>\n\t\t\t\t<\/div>\n\t\t\t\t<div class=\"elementor-element elementor-element-0e2dfe1 elementor-widget elementor-widget-text-editor\" data-id=\"0e2dfe1\" data-element_type=\"widget\" data-widget_type=\"text-editor.default\">\n\t\t\t\t<div class=\"elementor-widget-container\">\n\t\t\t\t\t\t\t<p>V z\u00e1vislosti od ve\u013ekosti n\u00e1kladu v\u00e1m odporu\u010d\u00edme vhodn\u00e9 n\u00e1kladn\u00e9 auto, ktor\u00e9 zabezpe\u010d\u00ed dovoz stavebn\u00e9ho materi\u00e1lu.<\/p>\t\t\t\t\t\t<\/div>\n\t\t\t\t<\/div>\n\t\t\t\t\t<\/div>\n\t\t<\/div>\n\t\t\t\t<div class=\"elementor-column elementor-col-25 elementor-top-column elementor-element elementor-element-8e408dc\" data-id=\"8e408dc\" data-element_type=\"column\" data-settings=\"{&quot;background_background&quot;:&quot;classic&quot;}\">\n\t\t\t<div class=\"elementor-widget-wrap elementor-element-populated\">\n\t\t\t\t\t<div class=\"elementor-background-overlay\"><\/div>\n\t\t\t\t\t\t\t\t<div class=\"elementor-element elementor-element-c1e05c5 elementor-widget elementor-widget-heading\" data-id=\"c1e05c5\" data-element_type=\"widget\" data-widget_type=\"heading.default\">\n\t\t\t\t<div class=\"elementor-widget-container\">\n\t\t\t<h4 class=\"elementor-heading-title elementor-size-default\">04.<\/h4>\t\t<\/div>\n\t\t\t\t<\/div>\n\t\t\t\t<div class=\"elementor-element elementor-element-6076005 elementor-widget elementor-widget-heading\" data-id=\"6076005\" data-element_type=\"widget\" data-widget_type=\"heading.default\">\n\t\t\t\t<div class=\"elementor-widget-container\">\n\t\t\t<h3 class=\"elementor-heading-title elementor-size-large\">V\u00fdpo\u010det spotrebn\u00e9ho materi\u00e1lu<\/h3>\t\t<\/div>\n\t\t\t\t<\/div>\n\t\t\t\t<div class=\"elementor-element elementor-element-ca67bcd elementor-widget elementor-widget-text-editor\" data-id=\"ca67bcd\" data-element_type=\"widget\" data-widget_type=\"text-editor.default\">\n\t\t\t\t<div class=\"elementor-widget-container\">\n\t\t\t\t\t\t\t<p>Na\u0161im z\u00e1kazn\u00edkom pon\u00fakame bezplatn\u00e9 technick\u00e9 poradenstvo a v\u00fdpo\u010det materi\u00e1lu potrebn\u00e9ho na projekt.<\/p>\t\t\t\t\t\t<\/div>\n\t\t\t\t<\/div>\n\t\t\t\t\t<\/div>\n\t\t<\/div>\n\t\t\t\t\t\t\t<\/div>\n\t\t<\/section>\n\t\t\t\t<section class=\"elementor-section elementor-top-section elementor-element elementor-element-9eb0904 elementor-section-boxed elementor-section-height-default elementor-section-height-default\" data-id=\"9eb0904\" data-element_type=\"section\" data-settings=\"{&quot;background_background&quot;:&quot;classic&quot;}\">\n\t\t\t\t\t\t<div class=\"elementor-container elementor-column-gap-no\">\n\t\t\t\t\t<div class=\"elementor-column elementor-col-100 elementor-top-column elementor-element elementor-element-b934ed8\" data-id=\"b934ed8\" data-element_type=\"column\">\n\t\t\t<div class=\"elementor-widget-wrap elementor-element-populated\">\n\t\t\t\t\t\t\t\t<div class=\"elementor-element elementor-element-7559c7e elementor-widget elementor-widget-text-editor\" data-id=\"7559c7e\" data-element_type=\"widget\" data-widget_type=\"text-editor.default\">\n\t\t\t\t<div class=\"elementor-widget-container\">\n\t\t\t\t\t\t\t<p><span style=\"color: #000000;\"><em>\u201eKe\u010f si \u010dlovek postav\u00ed dom, v\u017edy zbad\u00e1, \u017ee sa pritom priu\u010dil nie\u010domu, \u010do mal rozhodne vedie\u0165 prv, ne\u017e za\u010dal stava\u0165.<\/em>\u201c \u2014\u00a0<strong> Friedrich Nietzsche<\/strong><\/span><\/p>\t\t\t\t\t\t<\/div>\n\t\t\t\t<\/div>\n\t\t\t\t\t<\/div>\n\t\t<\/div>\n\t\t\t\t\t\t\t<\/div>\n\t\t<\/section>\n\t\t\t\t<section class=\"elementor-section elementor-top-section elementor-element elementor-element-0b1c750 elementor-section-boxed elementor-section-height-default elementor-section-height-default\" data-id=\"0b1c750\" data-element_type=\"section\">\n\t\t\t\t\t\t<div class=\"elementor-container elementor-column-gap-default\">\n\t\t\t\t\t<div class=\"elementor-column elementor-col-100 elementor-top-column elementor-element elementor-element-dac46be\" data-id=\"dac46be\" data-element_type=\"column\">\n\t\t\t<div class=\"elementor-widget-wrap elementor-element-populated\">\n\t\t\t\t\t\t\t\t<section class=\"elementor-section elementor-inner-section elementor-element elementor-element-8a015ab elementor-section-boxed elementor-section-height-default elementor-section-height-default\" data-id=\"8a015ab\" data-element_type=\"section\">\n\t\t\t\t\t\t<div class=\"elementor-container elementor-column-gap-default\">\n\t\t\t\t\t<div class=\"elementor-column elementor-col-50 elementor-inner-column elementor-element elementor-element-d8b1c91\" data-id=\"d8b1c91\" data-element_type=\"column\">\n\t\t\t<div class=\"elementor-widget-wrap elementor-element-populated\">\n\t\t\t\t\t\t\t\t<div class=\"elementor-element elementor-element-35f206a elementor-widget elementor-widget-text-editor\" data-id=\"35f206a\" data-element_type=\"widget\" data-widget_type=\"text-editor.default\">\n\t\t\t\t<div class=\"elementor-widget-container\">\n\t\t\t\t\t\t\t<p>\u00a0<\/p><p style=\"text-align: center;\"><em>Potrebujete poradi\u0165<\/em>? Nev\u00e1hajte sa na n\u00e1s obr\u00e1ti\u0165.<\/p><p style=\"text-align: center;\">Sme tu pre v\u00e1s na prev\u00e1dzke v Hurbanove Pondelok -Piatok od 7:30 \u2013 17:00, alebo V\u00e1m radi porad\u00edme telefonicky na +421 <span aria-label=\"Zavola\u0165 na \u010d\u00edslo 0905 865 851\">905 865 851, pr\u00edpadne e- mailom <a href=\"mailto:ceginvest@ceginvest.sk\" target=\"_blank\" rel=\"noopener\"><span class=\"il\">ceginvest@ceginvest.sk<\/span><\/a>.<\/span><\/p><p>\u00a0<\/p>\t\t\t\t\t\t<\/div>\n\t\t\t\t<\/div>\n\t\t\t\t\t<\/div>\n\t\t<\/div>\n\t\t\t\t<div class=\"elementor-column elementor-col-50 elementor-inner-column elementor-element elementor-element-c06e4d2\" data-id=\"c06e4d2\" data-element_type=\"column\">\n\t\t\t<div class=\"elementor-widget-wrap elementor-element-populated\">\n\t\t\t\t\t\t\t\t<div class=\"elementor-element elementor-element-4640b27 elementor-widget elementor-widget-image\" data-id=\"4640b27\" data-element_type=\"widget\" data-widget_type=\"image.default\">\n\t\t\t\t<div class=\"elementor-widget-container\">\n\t\t\t<style>\/*! elementor - v3.5.6 - 28-02-2022 *\/\n.elementor-widget-image{text-align:center}.elementor-widget-image a{display:inline-block}.elementor-widget-image a img[src$=\".svg\"]{width:48px}.elementor-widget-image img{vertical-align:middle;display:inline-block}<\/style>\t\t\t\t\t\t\t\t\t\t\t\t<img width=\"1024\" height=\"429\" src=\"https:\/\/www.ceginvest.sk\/wp-content\/uploads\/2022\/03\/IMG_20220322_134703117_HDR-1-1-1024x429.jpg\" class=\"attachment-large size-large\" alt=\"\" loading=\"lazy\" srcset=\"https:\/\/www.ceginvest.sk\/wp-content\/uploads\/2022\/03\/IMG_20220322_134703117_HDR-1-1-1024x429.jpg 1024w, https:\/\/www.ceginvest.sk\/wp-content\/uploads\/2022\/03\/IMG_20220322_134703117_HDR-1-1-300x126.jpg 300w, https:\/\/www.ceginvest.sk\/wp-content\/uploads\/2022\/03\/IMG_20220322_134703117_HDR-1-1-768x322.jpg 768w, https:\/\/www.ceginvest.sk\/wp-content\/uploads\/2022\/03\/IMG_20220322_134703117_HDR-1-1-1536x644.jpg 1536w, https:\/\/www.ceginvest.sk\/wp-content\/uploads\/2022\/03\/IMG_20220322_134703117_HDR-1-1.jpg 1951w\" sizes=\"(max-width: 1024px) 100vw, 1024px\" \/>\t\t\t\t\t\t\t\t\t\t\t\t\t\t\t<\/div>\n\t\t\t\t<\/div>\n\t\t\t\t\t<\/div>\n\t\t<\/div>\n\t\t\t\t\t\t\t<\/div>\n\t\t<\/section>\n\t\t\t\t\t<\/div>\n\t\t<\/div>\n\t\t\t\t\t\t\t<\/div>\n\t\t<\/section>\n\t\t\t\t\t\t<\/div>\n\t\t\t\t\t<\/div>\n\t\t","protected":false},"excerpt":{"rendered":"<p>Slu\u017eby \u010co v\u00e1m vieme pon\u00faknu\u0165? Na\u0161im z\u00e1kazn\u00edkom pon\u00fakame \u0161irok\u00e9 spektrum kvalitn\u00fdch stavebn\u00fdch materi\u00e1lov a spolu s t\u00fdm aj komplexn\u00e9 a\u00a0nad\u0161tandardn\u00e9\u00a0slu\u017eby.\u00a0 Okrem toho sme ich sprievodcom od ich prv\u00fdch krokov a pom\u00e1hame im r\u00fdchlo a bez probl\u00e9mov sa\u00a0 zorientova\u0165 v tom, \u010do skuto\u010dne potrebuj\u00fa pre svoj projekt. 01. Slu\u017eby skladovania Komplexn\u00e9 skladov\u00e9 slu\u017eby, skladovanie tovaru. Vieme &hellip;<\/p>\n<p class=\"read-more\"> <a class=\"\" href=\"https:\/\/www.ceginvest.sk\/?page_id=119\"> <span class=\"screen-reader-text\">Sluzby<\/span> \u010c\u00edtajte viac &raquo;<\/a><\/p>\n","protected":false},"author":1,"featured_media":0,"parent":0,"menu_order":0,"comment_status":"closed","ping_status":"closed","template":"","meta":{"_monsterinsights_skip_tracking":false,"_monsterinsights_sitenote_active":false,"_monsterinsights_sitenote_note":"","_monsterinsights_sitenote_category":0,"site-sidebar-layout":"no-sidebar","site-content-layout":"page-builder","ast-main-header-display":"","ast-hfb-above-header-display":"","ast-hfb-below-header-display":"","ast-hfb-mobile-header-display":"","site-post-title":"disabled","ast-breadcrumbs-content":"","ast-featured-img":"disabled","footer-sml-layout":"","theme-transparent-header-meta":"enabled","adv-header-id-meta":"","stick-header-meta":"","header-above-stick-meta":"","header-main-stick-meta":"","header-below-stick-meta":""},"yoast_head":"<!-- This site is optimized with the Yoast SEO plugin v18.3 - https:\/\/yoast.com\/wordpress\/plugins\/seo\/ -->\n<title>Sluzby - C.E.G. investment a.s.<\/title>\n<meta name=\"robots\" content=\"index, follow, max-snippet:-1, max-image-preview:large, max-video-preview:-1\" \/>\n<link rel=\"canonical\" href=\"https:\/\/www.ceginvest.sk\/?page_id=119\" \/>\n<meta property=\"og:locale\" content=\"sk_SK\" \/>\n<meta property=\"og:type\" content=\"article\" \/>\n<meta property=\"og:title\" content=\"Sluzby - C.E.G. investment a.s.\" \/>\n<meta property=\"og:description\" content=\"Slu\u017eby \u010co v\u00e1m vieme pon\u00faknu\u0165? Na\u0161im z\u00e1kazn\u00edkom pon\u00fakame \u0161irok\u00e9 spektrum kvalitn\u00fdch stavebn\u00fdch materi\u00e1lov a spolu s t\u00fdm aj komplexn\u00e9 a\u00a0nad\u0161tandardn\u00e9\u00a0slu\u017eby.\u00a0 Okrem toho sme ich sprievodcom od ich prv\u00fdch krokov a pom\u00e1hame im r\u00fdchlo a bez probl\u00e9mov sa\u00a0 zorientova\u0165 v tom, \u010do skuto\u010dne potrebuj\u00fa pre svoj projekt. 01. Slu\u017eby skladovania Komplexn\u00e9 skladov\u00e9 slu\u017eby, skladovanie tovaru. Vieme &hellip; Sluzby \u010c\u00edtajte viac &raquo;\" \/>\n<meta property=\"og:url\" content=\"https:\/\/www.ceginvest.sk\/?page_id=119\" \/>\n<meta property=\"og:site_name\" content=\"C.E.G. investment a.s.\" \/>\n<meta property=\"article:modified_time\" content=\"2022-03-28T07:41:58+00:00\" \/>\n<meta property=\"og:image\" content=\"https:\/\/www.ceginvest.sk\/wp-content\/uploads\/2022\/03\/IMG_20220322_134703117_HDR-1-1-1024x429.jpg\" \/>\n<meta name=\"twitter:card\" content=\"summary_large_image\" \/>\n<meta name=\"twitter:label1\" content=\"Predpokladan\u00fd \u010das \u010d\u00edtania\" \/>\n\t<meta name=\"twitter:data1\" content=\"2 min\u00faty\" \/>\n<script type=\"application\/ld+json\" class=\"yoast-schema-graph\">{\"@context\":\"https:\/\/schema.org\",\"@graph\":[{\"@type\":\"WebSite\",\"@id\":\"https:\/\/www.ceginvest.sk\/#website\",\"url\":\"https:\/\/www.ceginvest.sk\/\",\"name\":\"C.E.G. investment a.s.\",\"description\":\"Kvalitn\u00e9 stavebn\u00e9 materi\u00e1ly\",\"potentialAction\":[{\"@type\":\"SearchAction\",\"target\":{\"@type\":\"EntryPoint\",\"urlTemplate\":\"https:\/\/www.ceginvest.sk\/?s={search_term_string}\"},\"query-input\":\"required name=search_term_string\"}],\"inLanguage\":\"sk-SK\"},{\"@type\":\"ImageObject\",\"@id\":\"https:\/\/www.ceginvest.sk\/?page_id=119#primaryimage\",\"inLanguage\":\"sk-SK\",\"url\":\"https:\/\/www.ceginvest.sk\/wp-content\/uploads\/2022\/03\/IMG_20220322_134703117_HDR-1-1.jpg\",\"contentUrl\":\"https:\/\/www.ceginvest.sk\/wp-content\/uploads\/2022\/03\/IMG_20220322_134703117_HDR-1-1.jpg\",\"width\":1951,\"height\":818},{\"@type\":\"WebPage\",\"@id\":\"https:\/\/www.ceginvest.sk\/?page_id=119#webpage\",\"url\":\"https:\/\/www.ceginvest.sk\/?page_id=119\",\"name\":\"Sluzby - C.E.G. investment a.s.\",\"isPartOf\":{\"@id\":\"https:\/\/www.ceginvest.sk\/#website\"},\"primaryImageOfPage\":{\"@id\":\"https:\/\/www.ceginvest.sk\/?page_id=119#primaryimage\"},\"datePublished\":\"2020-08-19T00:09:07+00:00\",\"dateModified\":\"2022-03-28T07:41:58+00:00\",\"breadcrumb\":{\"@id\":\"https:\/\/www.ceginvest.sk\/?page_id=119#breadcrumb\"},\"inLanguage\":\"sk-SK\",\"potentialAction\":[{\"@type\":\"ReadAction\",\"target\":[\"https:\/\/www.ceginvest.sk\/?page_id=119\"]}]},{\"@type\":\"BreadcrumbList\",\"@id\":\"https:\/\/www.ceginvest.sk\/?page_id=119#breadcrumb\",\"itemListElement\":[{\"@type\":\"ListItem\",\"position\":1,\"name\":\"Home\",\"item\":\"https:\/\/www.ceginvest.sk\/\"},{\"@type\":\"ListItem\",\"position\":2,\"name\":\"Sluzby\"}]}]}<\/script>\n<!-- \/ Yoast SEO plugin. -->","yoast_head_json":{"title":"Sluzby - C.E.G. investment a.s.","robots":{"index":"index","follow":"follow","max-snippet":"max-snippet:-1","max-image-preview":"max-image-preview:large","max-video-preview":"max-video-preview:-1"},"canonical":"https:\/\/www.ceginvest.sk\/?page_id=119","og_locale":"sk_SK","og_type":"article","og_title":"Sluzby - C.E.G. investment a.s.","og_description":"Slu\u017eby \u010co v\u00e1m vieme pon\u00faknu\u0165? Na\u0161im z\u00e1kazn\u00edkom pon\u00fakame \u0161irok\u00e9 spektrum kvalitn\u00fdch stavebn\u00fdch materi\u00e1lov a spolu s t\u00fdm aj komplexn\u00e9 a\u00a0nad\u0161tandardn\u00e9\u00a0slu\u017eby.\u00a0 Okrem toho sme ich sprievodcom od ich prv\u00fdch krokov a pom\u00e1hame im r\u00fdchlo a bez probl\u00e9mov sa\u00a0 zorientova\u0165 v tom, \u010do skuto\u010dne potrebuj\u00fa pre svoj projekt. 01. Slu\u017eby skladovania Komplexn\u00e9 skladov\u00e9 slu\u017eby, skladovanie tovaru. Vieme &hellip; Sluzby \u010c\u00edtajte viac &raquo;","og_url":"https:\/\/www.ceginvest.sk\/?page_id=119","og_site_name":"C.E.G. investment a.s.","article_modified_time":"2022-03-28T07:41:58+00:00","og_image":[{"url":"https:\/\/www.ceginvest.sk\/wp-content\/uploads\/2022\/03\/IMG_20220322_134703117_HDR-1-1-1024x429.jpg"}],"twitter_card":"summary_large_image","twitter_misc":{"Predpokladan\u00fd \u010das \u010d\u00edtania":"2 min\u00faty"},"schema":{"@context":"https:\/\/schema.org","@graph":[{"@type":"WebSite","@id":"https:\/\/www.ceginvest.sk\/#website","url":"https:\/\/www.ceginvest.sk\/","name":"C.E.G. investment a.s.","description":"Kvalitn\u00e9 stavebn\u00e9 materi\u00e1ly","potentialAction":[{"@type":"SearchAction","target":{"@type":"EntryPoint","urlTemplate":"https:\/\/www.ceginvest.sk\/?s={search_term_string}"},"query-input":"required name=search_term_string"}],"inLanguage":"sk-SK"},{"@type":"ImageObject","@id":"https:\/\/www.ceginvest.sk\/?page_id=119#primaryimage","inLanguage":"sk-SK","url":"https:\/\/www.ceginvest.sk\/wp-content\/uploads\/2022\/03\/IMG_20220322_134703117_HDR-1-1.jpg","contentUrl":"https:\/\/www.ceginvest.sk\/wp-content\/uploads\/2022\/03\/IMG_20220322_134703117_HDR-1-1.jpg","width":1951,"height":818},{"@type":"WebPage","@id":"https:\/\/www.ceginvest.sk\/?page_id=119#webpage","url":"https:\/\/www.ceginvest.sk\/?page_id=119","name":"Sluzby - C.E.G. investment a.s.","isPartOf":{"@id":"https:\/\/www.ceginvest.sk\/#website"},"primaryImageOfPage":{"@id":"https:\/\/www.ceginvest.sk\/?page_id=119#primaryimage"},"datePublished":"2020-08-19T00:09:07+00:00","dateModified":"2022-03-28T07:41:58+00:00","breadcrumb":{"@id":"https:\/\/www.ceginvest.sk\/?page_id=119#breadcrumb"},"inLanguage":"sk-SK","potentialAction":[{"@type":"ReadAction","target":["https:\/\/www.ceginvest.sk\/?page_id=119"]}]},{"@type":"BreadcrumbList","@id":"https:\/\/www.ceginvest.sk\/?page_id=119#breadcrumb","itemListElement":[{"@type":"ListItem","position":1,"name":"Home","item":"https:\/\/www.ceginvest.sk\/"},{"@type":"ListItem","position":2,"name":"Sluzby"}]}]}},"_links":{"self":[{"href":"https:\/\/www.ceginvest.sk\/index.php?rest_route=\/wp\/v2\/pages\/119"}],"collection":[{"href":"https:\/\/www.ceginvest.sk\/index.php?rest_route=\/wp\/v2\/pages"}],"about":[{"href":"https:\/\/www.ceginvest.sk\/index.php?rest_route=\/wp\/v2\/types\/page"}],"author":[{"embeddable":true,"href":"https:\/\/www.ceginvest.sk\/index.php?rest_route=\/wp\/v2\/users\/1"}],"replies":[{"embeddable":true,"href":"https:\/\/www.ceginvest.sk\/index.php?rest_route=%2Fwp%2Fv2%2Fcomments&post=119"}],"version-history":[{"count":6,"href":"https:\/\/www.ceginvest.sk\/index.php?rest_route=\/wp\/v2\/pages\/119\/revisions"}],"predecessor-version":[{"id":730,"href":"https:\/\/www.ceginvest.sk\/index.php?rest_route=\/wp\/v2\/pages\/119\/revisions\/730"}],"wp:attachment":[{"href":"https:\/\/www.ceginvest.sk\/index.php?rest_route=%2Fwp%2Fv2%2Fmedia&parent=119"}],"curies":[{"name":"wp","href":"https:\/\/api.w.org\/{rel}","templated":true}]}}