{"id":162,"date":"2020-08-19T06:19:39","date_gmt":"2020-08-19T04:19:39","guid":{"rendered":"https:\/\/www.ceginvest.sk\/?page_id=162"},"modified":"2022-11-07T15:34:56","modified_gmt":"2022-11-07T14:34:56","slug":"novinky-akcie-2","status":"publish","type":"page","link":"https:\/\/www.ceginvest.sk\/?page_id=162","title":{"rendered":"Novinky\/Akcie"},"content":{"rendered":"\t\t<div data-elementor-type=\"wp-page\" data-elementor-id=\"162\" class=\"elementor elementor-162\" data-elementor-settings=\"[]\">\n\t\t\t\t\t\t\t<div class=\"elementor-section-wrap\">\n\t\t\t\t\t\t\t<section class=\"elementor-section elementor-top-section elementor-element elementor-element-dc20e86 elementor-section-boxed elementor-section-height-default elementor-section-height-default\" data-id=\"dc20e86\" data-element_type=\"section\" data-settings=\"{&quot;background_background&quot;:&quot;classic&quot;}\">\n\t\t\t\t\t\t\t<div class=\"elementor-background-overlay\"><\/div>\n\t\t\t\t\t\t\t<div class=\"elementor-container elementor-column-gap-no\">\n\t\t\t\t\t<div class=\"elementor-column elementor-col-100 elementor-top-column elementor-element elementor-element-6c4b465\" data-id=\"6c4b465\" data-element_type=\"column\">\n\t\t\t<div class=\"elementor-widget-wrap elementor-element-populated\">\n\t\t\t\t\t\t\t\t<div class=\"elementor-element elementor-element-74cd338 elementor-widget elementor-widget-heading\" data-id=\"74cd338\" data-element_type=\"widget\" data-widget_type=\"heading.default\">\n\t\t\t\t<div class=\"elementor-widget-container\">\n\t\t\t<style>\/*! elementor - v3.5.6 - 28-02-2022 *\/\n.elementor-heading-title{padding:0;margin:0;line-height:1}.elementor-widget-heading .elementor-heading-title[class*=elementor-size-]>a{color:inherit;font-size:inherit;line-height:inherit}.elementor-widget-heading .elementor-heading-title.elementor-size-small{font-size:15px}.elementor-widget-heading .elementor-heading-title.elementor-size-medium{font-size:19px}.elementor-widget-heading .elementor-heading-title.elementor-size-large{font-size:29px}.elementor-widget-heading .elementor-heading-title.elementor-size-xl{font-size:39px}.elementor-widget-heading .elementor-heading-title.elementor-size-xxl{font-size:59px}<\/style><h1 class=\"elementor-heading-title elementor-size-default\">Novinky\/Akcie<\/h1>\t\t<\/div>\n\t\t\t\t<\/div>\n\t\t\t\t\t<\/div>\n\t\t<\/div>\n\t\t\t\t\t\t\t<\/div>\n\t\t<\/section>\n\t\t\t\t<section class=\"elementor-section elementor-top-section elementor-element elementor-element-b72af5c elementor-section-boxed elementor-section-height-default elementor-section-height-default\" data-id=\"b72af5c\" data-element_type=\"section\" data-settings=\"{&quot;background_background&quot;:&quot;gradient&quot;}\">\n\t\t\t\t\t\t<div class=\"elementor-container elementor-column-gap-no\">\n\t\t\t\t\t<div class=\"elementor-column elementor-col-100 elementor-top-column elementor-element elementor-element-a4451b6\" data-id=\"a4451b6\" data-element_type=\"column\">\n\t\t\t<div class=\"elementor-widget-wrap elementor-element-populated\">\n\t\t\t\t\t\t\t\t<div class=\"elementor-element elementor-element-972d131 elementor-widget elementor-widget-heading\" data-id=\"972d131\" data-element_type=\"widget\" data-widget_type=\"heading.default\">\n\t\t\t\t<div class=\"elementor-widget-container\">\n\t\t\t<h2 class=\"elementor-heading-title elementor-size-default\">AKCIE<\/h2>\t\t<\/div>\n\t\t\t\t<\/div>\n\t\t\t\t\t<\/div>\n\t\t<\/div>\n\t\t\t\t\t\t\t<\/div>\n\t\t<\/section>\n\t\t\t\t<section class=\"elementor-section elementor-top-section elementor-element elementor-element-1913210 elementor-section-boxed elementor-section-height-default elementor-section-height-default\" data-id=\"1913210\" data-element_type=\"section\">\n\t\t\t\t\t\t<div class=\"elementor-container elementor-column-gap-default\">\n\t\t\t\t\t<div class=\"elementor-column elementor-col-100 elementor-top-column elementor-element elementor-element-869e403\" data-id=\"869e403\" data-element_type=\"column\">\n\t\t\t<div class=\"elementor-widget-wrap elementor-element-populated\">\n\t\t\t\t\t\t\t\t<div class=\"elementor-element elementor-element-e3dca08 elementor-widget elementor-widget-image\" data-id=\"e3dca08\" data-element_type=\"widget\" data-widget_type=\"image.default\">\n\t\t\t\t<div class=\"elementor-widget-container\">\n\t\t\t<style>\/*! elementor - v3.5.6 - 28-02-2022 *\/\n.elementor-widget-image{text-align:center}.elementor-widget-image a{display:inline-block}.elementor-widget-image a img[src$=\".svg\"]{width:48px}.elementor-widget-image img{vertical-align:middle;display:inline-block}<\/style>\t\t\t\t\t\t\t\t\t\t\t\t<img width=\"1241\" height=\"289\" src=\"https:\/\/www.ceginvest.sk\/wp-content\/uploads\/2022\/10\/Profily-akcia-sep-2_page-0001-e1667831138191.jpg\" class=\"attachment-full size-full\" alt=\"\" loading=\"lazy\" srcset=\"https:\/\/www.ceginvest.sk\/wp-content\/uploads\/2022\/10\/Profily-akcia-sep-2_page-0001-e1667831138191.jpg 1241w, https:\/\/www.ceginvest.sk\/wp-content\/uploads\/2022\/10\/Profily-akcia-sep-2_page-0001-e1667831138191-300x70.jpg 300w, https:\/\/www.ceginvest.sk\/wp-content\/uploads\/2022\/10\/Profily-akcia-sep-2_page-0001-e1667831138191-1024x238.jpg 1024w, https:\/\/www.ceginvest.sk\/wp-content\/uploads\/2022\/10\/Profily-akcia-sep-2_page-0001-e1667831138191-768x179.jpg 768w\" sizes=\"(max-width: 1241px) 100vw, 1241px\" \/>\t\t\t\t\t\t\t\t\t\t\t\t\t\t\t<\/div>\n\t\t\t\t<\/div>\n\t\t\t\t\t<\/div>\n\t\t<\/div>\n\t\t\t\t\t\t\t<\/div>\n\t\t<\/section>\n\t\t\t\t<section class=\"elementor-section elementor-top-section elementor-element elementor-element-6f46700 elementor-section-boxed elementor-section-height-default elementor-section-height-default\" data-id=\"6f46700\" data-element_type=\"section\">\n\t\t\t\t\t\t<div class=\"elementor-container elementor-column-gap-default\">\n\t\t\t\t\t<div class=\"elementor-column elementor-col-100 elementor-top-column elementor-element elementor-element-313944b\" data-id=\"313944b\" data-element_type=\"column\">\n\t\t\t<div class=\"elementor-widget-wrap elementor-element-populated\">\n\t\t\t\t\t\t\t\t<div class=\"elementor-element elementor-element-dffc3f0 elementor-widget elementor-widget-text-editor\" data-id=\"dffc3f0\" data-element_type=\"widget\" data-widget_type=\"text-editor.default\">\n\t\t\t\t<div class=\"elementor-widget-container\">\n\t\t\t<style>\/*! elementor - v3.5.6 - 28-02-2022 *\/\n.elementor-widget-text-editor.elementor-drop-cap-view-stacked .elementor-drop-cap{background-color:#818a91;color:#fff}.elementor-widget-text-editor.elementor-drop-cap-view-framed .elementor-drop-cap{color:#818a91;border:3px solid;background-color:transparent}.elementor-widget-text-editor:not(.elementor-drop-cap-view-default) .elementor-drop-cap{margin-top:8px}.elementor-widget-text-editor:not(.elementor-drop-cap-view-default) .elementor-drop-cap-letter{width:1em;height:1em}.elementor-widget-text-editor .elementor-drop-cap{float:left;text-align:center;line-height:1;font-size:50px}.elementor-widget-text-editor .elementor-drop-cap-letter{display:inline-block}<\/style>\t\t\t\t<h6 style=\"text-align: center;\">BET\u00d3NOV\u00c9 V\u00ddROBKY:<\/h6>\n<h6 style=\"text-align: center;\">\u0161alovacie tvarnice<p><\/p>\n<p>15cm&#8230;1,40 eur\/ks<\/p>\n<p>20cm&#8230;1,55 eur\/ks<\/p>\n<p>25cm&#8230;1,75 eur\/ks<\/p>\n<p>30cm&#8230;1,90 eur\/ks<\/p>\n<p>40cm&#8230;2,00 eur\/ks<\/p>\n<p>&#8212;&#8212;&#8212;&#8212;&#8212;&#8212;&#8212;&#8212;&#8212;&#8212;<wbr>&#8212;&#8212;&#8212;&#8212;&#8212;&#8212;&#8212;&#8212;&#8212;-<\/p>\n<p>z\u00e1mkova dlazba &#8211; siva farba<\/p>\n<p>10x20x6cm&#8230;..9,99 eur\/m2<\/p>\n<p>,,H,,.6cm &#8230;..9,99 eur\/m2<\/p>\n<p>&#8212;&#8212;&#8212;&#8212;&#8212;&#8212;&#8212;&#8212;&#8212;&#8212;<wbr>&#8212;&#8212;&#8212;&#8212;&#8212;&#8212;&#8212;&#8212;&#8212;<\/p>\n<p>zatravnovacka<\/p>\n<p>40x40x8cm&#8230;1,80 eur\/ks<\/p>\n<p>60x40x10cm&#8230;..2,60 eur\/ks<\/p>\n<p>&#8212;&#8212;&#8212;&#8212;&#8212;&#8212;&#8212;&#8212;&#8212;&#8212;<wbr>&#8212;&#8212;&#8212;&#8212;&#8212;&#8212;&#8212;&#8212;-<\/p>\n<p>betonove skruze<\/p>\n<p>50\/100&#8230;&#8230;50 eur\/ks<\/p>\n<p>60\/100&#8230;.60 eur\/ks<\/p>\n<p>80\/100&#8230;.70 eur\/ks<\/p>\n<p>&#8212;&#8212;&#8212;&#8212;&#8212;&#8212;&#8212;&#8212;&#8212;&#8212;&#8212;&#8212;&#8212;&#8212;&#8212;&#8212;&#8212;<\/p>\n<\/h6>\n<h6 style=\"text-align: center;\">SUCH\u00c1 V\u00ddSTAVBA:<\/h6>\n<h6 style=\"text-align: center;\">OSB dosky<p><\/p>\n<p>10mm&#8230;.4,65 eur\/m2<\/p>\n<p>12mm&#8230;.5,40 eur\/m2<\/p>\n<p>15mm&#8230;6,75 eur\/m2<\/p>\n<p>18mm&#8230;8,10 eur\/m2<\/p>\n<p>&#8212;&#8212;&#8212;&#8212;&#8212;&#8212;&#8212;&#8212;&#8212;&#8212;<wbr>&#8212;&#8212;&#8212;&#8212;&#8212;<\/p>\n<p>stresna diffuzna folia &#8230;&#8230;49,90 eur\/m2<\/p>\n<p>stesna reflex folia&#8230;.56,90 eur\/m2<\/p>\n<p>&#8212;&#8212;&#8212;&#8212;&#8212;&#8212;&#8212;&#8212;&#8212;<\/p>\n<p>hydrozolacny pas<\/p>\n<p>GV35&#8230;&#8230;.2,49 eur\/m2<\/p>\n<p>&#8212;&#8212;&#8212;&#8212;&#8212;&#8212;&#8212;&#8212;&#8212;&#8212;<\/p>\n<p>tehla 30 NF &#8230;&#8230;..2,15 eur\/ks<\/p>\n<p>&#8212;&#8212;&#8212;&#8212;&#8212;&#8212;&#8212;&#8212;-<\/p>\n<p>sadrokarton<\/p>\n<p>sivy &#8230;..2,35 eur\/m2<\/p>\n<p>zeleny&#8230;3,60 eur\/m2<\/p>\n<p>cerveny &#8230;.2,90 eur\/m2<\/p>\n<p>&#8212;&#8212;&#8212;&#8212;&#8212;&#8212;&#8212;&#8212;-<\/p>\n<p>Profily na sadrokarton<\/p>\n<p>CD&#8230;1,05 eur\/m<\/p>\n<p>UD&#8230;.0,70 eur\/m<\/p>\n<p>CW &#8230;.1,5 eur\/m<\/p>\n<p>UW&#8230;.. 1,50 eur\/m<\/p>\n<p>&#8212;&#8212;&#8212;&#8212;&#8212;&#8212;&#8212;&#8212;-<\/p>\n<p>drevo \/ rezivo<\/p>\n<p>hranol&#8230;425 eur\/m3<\/p>\n<p>dosky&#8230;355 eur\/m3<\/p>\n<p>laty 3&#215;5&#8230;0,60 eur\/m<\/p>\n<\/h6>\n<h6 style=\"text-align: center;\">&#8212;&#8212;&#8212;&#8212;&#8212;&#8212;&#8212;&#8212;-<br><\/h6><h6 style=\"text-align: center;\">IZOL\u00c1CIA:<\/h6><h6 style=\"text-align: center;\">XPS polystyren<p><\/p>\n<p>2cm&#8230;2,85 eur\/m2<\/p>\n<p>5cm&#8230;.7,20 eur\/m2<\/p>\n<p>10cm&#8230;14,35 eur\/m2<\/p>\n<p>15cm&#8230;.25,70 eur\/m2<\/p>\n<p>&#8230;&#8230;&#8230;&#8230;&#8230;&#8230;&#8230;&#8230;&#8230;&#8230;<wbr>&#8230;&#8230;&#8230;..<\/p>\n<p>EPS 70 fasadny polystyren<\/p>\n<p>2cm&#8230;.1,45 eur\/m2<\/p>\n<p>3cm&#8230;.2,15 eur\/m2<\/p>\n<p>5cm&#8230;.3,60 eur\/m2<\/p>\n<p>10cm&#8230;.7,20 eur\/m2<\/p>\n<p>15 cm&#8230;.10,85 eur\/m2<\/p>\n<p>&#8230;&#8230;&#8230;&#8230;&#8230;&#8230;&#8230;&#8230;&#8230;&#8230;<wbr>&#8230;&#8230;&#8230;<\/p>\n<p>EPS 100 podlahovy polystyren<\/p>\n<p>5cm&#8230;.4,20 eur\/m2<\/p>\n<p>10 cm&#8230;.8,40 eur\/m2<\/p>\n<p>15cm&#8230;.12,70 eur\/m2<\/p>\n<p>&#8230;&#8230;&#8230;&#8230;&#8230;&#8230;&#8230;&#8230;&#8230;&#8230;<wbr>&#8230;&#8230;&#8230;.<\/p>\n<p>Rockwool Multirock S mineralna vata<\/p>\n<p>5cm&#8230;5,30 eur\/m2<\/p>\n<p>10cm&#8230;..2,65 eur\/m2<\/p>\n<p>&#8230;&#8230;&#8230;&#8230;&#8230;&#8230;&#8230;&#8230;&#8230;&#8230;<wbr>&#8230;&#8230;&#8230;&#8230;..<\/p>\n<p>Technonicol &#8211; sklenena vata<\/p>\n<p>5cm&#8230;..1,85 eur\/m2<\/p>\n<p>10cm&#8230;&#8230;3,75 eur\/m2<\/p>\n<p>&#8230;&#8230;&#8230;&#8230;&#8230;&#8230;&#8230;&#8230;&#8230;&#8230;<wbr>&#8230;&#8230;&#8230;..<\/p>\n<p>FKD &#8211; KNAUF&nbsp; fasadna vata<\/p>\n<p>5cm&#8230;.5,95 eur\/m2<\/p>\n<p>10cm&#8230;..11,90 eur\/m2<\/p>\n<p>&#8212;&#8212;&#8212;&#8212;&#8212;&#8212;&#8212;&#8212;&#8212;&#8212;<wbr>&#8212;&#8211;<\/p>\n<p>Bauder PIR &#8211; stresna izolacna doska<\/p>\n<p>10cm&#8230;..22,50 eur\/m2<\/p>\n<\/h6>\t\t\t\t\t\t<\/div>\n\t\t\t\t<\/div>\n\t\t\t\t\t<\/div>\n\t\t<\/div>\n\t\t\t\t\t\t\t<\/div>\n\t\t<\/section>\n\t\t\t\t\t\t<\/div>\n\t\t\t\t\t<\/div>\n\t\t","protected":false},"excerpt":{"rendered":"<p>Novinky\/Akcie AKCIE BET\u00d3NOV\u00c9 V\u00ddROBKY: \u0161alovacie tvarnice 15cm&#8230;1,40 eur\/ks 20cm&#8230;1,55 eur\/ks 25cm&#8230;1,75 eur\/ks 30cm&#8230;1,90 eur\/ks 40cm&#8230;2,00 eur\/ks &#8212;&#8212;&#8212;&#8212;&#8212;&#8212;&#8212;&#8212;&#8212;&#8212;&#8212;&#8212;&#8212;&#8212;&#8212;&#8212;&#8212;&#8212;&#8212;- z\u00e1mkova dlazba &#8211; siva farba 10x20x6cm&#8230;..9,99 eur\/m2 ,,H,,.6cm &#8230;..9,99 eur\/m2 &#8212;&#8212;&#8212;&#8212;&#8212;&#8212;&#8212;&#8212;&#8212;&#8212;&#8212;&#8212;&#8212;&#8212;&#8212;&#8212;&#8212;&#8212;&#8212; zatravnovacka 40x40x8cm&#8230;1,80 eur\/ks 60x40x10cm&#8230;..2,60 eur\/ks &#8212;&#8212;&#8212;&#8212;&#8212;&#8212;&#8212;&#8212;&#8212;&#8212;&#8212;&#8212;&#8212;&#8212;&#8212;&#8212;&#8212;&#8212;- betonove skruze 50\/100&#8230;&#8230;50 eur\/ks 60\/100&#8230;.60 eur\/ks 80\/100&#8230;.70 eur\/ks &#8212;&#8212;&#8212;&#8212;&#8212;&#8212;&#8212;&#8212;&#8212;&#8212;&#8212;&#8212;&#8212;&#8212;&#8212;&#8212;&#8212; SUCH\u00c1 V\u00ddSTAVBA: OSB dosky 10mm&#8230;.4,65 eur\/m2 12mm&#8230;.5,40 eur\/m2 15mm&#8230;6,75 eur\/m2 18mm&#8230;8,10 eur\/m2 &hellip;<\/p>\n<p class=\"read-more\"> <a class=\"\" href=\"https:\/\/www.ceginvest.sk\/?page_id=162\"> <span class=\"screen-reader-text\">Novinky\/Akcie<\/span> \u010c\u00edtajte viac &raquo;<\/a><\/p>\n","protected":false},"author":1,"featured_media":0,"parent":0,"menu_order":0,"comment_status":"closed","ping_status":"closed","template":"","meta":{"_monsterinsights_skip_tracking":false,"_monsterinsights_sitenote_active":false,"_monsterinsights_sitenote_note":"","_monsterinsights_sitenote_category":0,"site-sidebar-layout":"no-sidebar","site-content-layout":"page-builder","ast-main-header-display":"","ast-hfb-above-header-display":"","ast-hfb-below-header-display":"","ast-hfb-mobile-header-display":"","site-post-title":"disabled","ast-breadcrumbs-content":"","ast-featured-img":"disabled","footer-sml-layout":"","theme-transparent-header-meta":"enabled","adv-header-id-meta":"","stick-header-meta":"","header-above-stick-meta":"","header-main-stick-meta":"","header-below-stick-meta":""},"yoast_head":"<!-- This site is optimized with the Yoast SEO plugin v18.3 - https:\/\/yoast.com\/wordpress\/plugins\/seo\/ -->\n<title>Novinky\/Akcie - C.E.G. investment a.s.<\/title>\n<meta name=\"robots\" content=\"index, follow, max-snippet:-1, max-image-preview:large, max-video-preview:-1\" \/>\n<link rel=\"canonical\" href=\"https:\/\/www.ceginvest.sk\/?page_id=162\" \/>\n<meta property=\"og:locale\" content=\"sk_SK\" \/>\n<meta property=\"og:type\" content=\"article\" \/>\n<meta property=\"og:title\" content=\"Novinky\/Akcie - C.E.G. investment a.s.\" \/>\n<meta property=\"og:description\" content=\"Novinky\/Akcie AKCIE BET\u00d3NOV\u00c9 V\u00ddROBKY: \u0161alovacie tvarnice 15cm&#8230;1,40 eur\/ks 20cm&#8230;1,55 eur\/ks 25cm&#8230;1,75 eur\/ks 30cm&#8230;1,90 eur\/ks 40cm&#8230;2,00 eur\/ks &#8212;&#8212;&#8212;&#8212;&#8212;&#8212;&#8212;&#8212;&#8212;&#8212;&#8212;&#8212;&#8212;&#8212;&#8212;&#8212;&#8212;&#8212;&#8212;- z\u00e1mkova dlazba &#8211; siva farba 10x20x6cm&#8230;..9,99 eur\/m2 ,,H,,.6cm &#8230;..9,99 eur\/m2 &#8212;&#8212;&#8212;&#8212;&#8212;&#8212;&#8212;&#8212;&#8212;&#8212;&#8212;&#8212;&#8212;&#8212;&#8212;&#8212;&#8212;&#8212;&#8212; zatravnovacka 40x40x8cm&#8230;1,80 eur\/ks 60x40x10cm&#8230;..2,60 eur\/ks &#8212;&#8212;&#8212;&#8212;&#8212;&#8212;&#8212;&#8212;&#8212;&#8212;&#8212;&#8212;&#8212;&#8212;&#8212;&#8212;&#8212;&#8212;- betonove skruze 50\/100&#8230;&#8230;50 eur\/ks 60\/100&#8230;.60 eur\/ks 80\/100&#8230;.70 eur\/ks &#8212;&#8212;&#8212;&#8212;&#8212;&#8212;&#8212;&#8212;&#8212;&#8212;&#8212;&#8212;&#8212;&#8212;&#8212;&#8212;&#8212; SUCH\u00c1 V\u00ddSTAVBA: OSB dosky 10mm&#8230;.4,65 eur\/m2 12mm&#8230;.5,40 eur\/m2 15mm&#8230;6,75 eur\/m2 18mm&#8230;8,10 eur\/m2 &hellip; Novinky\/Akcie \u010c\u00edtajte viac &raquo;\" \/>\n<meta property=\"og:url\" content=\"https:\/\/www.ceginvest.sk\/?page_id=162\" \/>\n<meta property=\"og:site_name\" content=\"C.E.G. investment a.s.\" \/>\n<meta property=\"article:modified_time\" content=\"2022-11-07T14:34:56+00:00\" \/>\n<meta property=\"og:image\" content=\"https:\/\/www.ceginvest.sk\/wp-content\/uploads\/2022\/10\/Profily-akcia-sep-2_page-0001-e1667831138191.jpg\" \/>\n<meta name=\"twitter:card\" content=\"summary_large_image\" \/>\n<meta name=\"twitter:label1\" content=\"Predpokladan\u00fd \u010das \u010d\u00edtania\" \/>\n\t<meta name=\"twitter:data1\" content=\"2 min\u00faty\" \/>\n<script type=\"application\/ld+json\" class=\"yoast-schema-graph\">{\"@context\":\"https:\/\/schema.org\",\"@graph\":[{\"@type\":\"WebSite\",\"@id\":\"https:\/\/www.ceginvest.sk\/#website\",\"url\":\"https:\/\/www.ceginvest.sk\/\",\"name\":\"C.E.G. investment a.s.\",\"description\":\"Kvalitn\u00e9 stavebn\u00e9 materi\u00e1ly\",\"potentialAction\":[{\"@type\":\"SearchAction\",\"target\":{\"@type\":\"EntryPoint\",\"urlTemplate\":\"https:\/\/www.ceginvest.sk\/?s={search_term_string}\"},\"query-input\":\"required name=search_term_string\"}],\"inLanguage\":\"sk-SK\"},{\"@type\":\"ImageObject\",\"@id\":\"https:\/\/www.ceginvest.sk\/?page_id=162#primaryimage\",\"inLanguage\":\"sk-SK\",\"url\":\"https:\/\/www.ceginvest.sk\/wp-content\/uploads\/2022\/10\/Profily-akcia-sep-2_page-0001-e1667831138191.jpg\",\"contentUrl\":\"https:\/\/www.ceginvest.sk\/wp-content\/uploads\/2022\/10\/Profily-akcia-sep-2_page-0001-e1667831138191.jpg\",\"width\":1241,\"height\":289},{\"@type\":\"WebPage\",\"@id\":\"https:\/\/www.ceginvest.sk\/?page_id=162#webpage\",\"url\":\"https:\/\/www.ceginvest.sk\/?page_id=162\",\"name\":\"Novinky\/Akcie - C.E.G. investment a.s.\",\"isPartOf\":{\"@id\":\"https:\/\/www.ceginvest.sk\/#website\"},\"primaryImageOfPage\":{\"@id\":\"https:\/\/www.ceginvest.sk\/?page_id=162#primaryimage\"},\"datePublished\":\"2020-08-19T04:19:39+00:00\",\"dateModified\":\"2022-11-07T14:34:56+00:00\",\"breadcrumb\":{\"@id\":\"https:\/\/www.ceginvest.sk\/?page_id=162#breadcrumb\"},\"inLanguage\":\"sk-SK\",\"potentialAction\":[{\"@type\":\"ReadAction\",\"target\":[\"https:\/\/www.ceginvest.sk\/?page_id=162\"]}]},{\"@type\":\"BreadcrumbList\",\"@id\":\"https:\/\/www.ceginvest.sk\/?page_id=162#breadcrumb\",\"itemListElement\":[{\"@type\":\"ListItem\",\"position\":1,\"name\":\"Home\",\"item\":\"https:\/\/www.ceginvest.sk\/\"},{\"@type\":\"ListItem\",\"position\":2,\"name\":\"Novinky\/Akcie\"}]}]}<\/script>\n<!-- \/ Yoast SEO plugin. -->","yoast_head_json":{"title":"Novinky\/Akcie - C.E.G. investment a.s.","robots":{"index":"index","follow":"follow","max-snippet":"max-snippet:-1","max-image-preview":"max-image-preview:large","max-video-preview":"max-video-preview:-1"},"canonical":"https:\/\/www.ceginvest.sk\/?page_id=162","og_locale":"sk_SK","og_type":"article","og_title":"Novinky\/Akcie - C.E.G. investment a.s.","og_description":"Novinky\/Akcie AKCIE BET\u00d3NOV\u00c9 V\u00ddROBKY: \u0161alovacie tvarnice 15cm&#8230;1,40 eur\/ks 20cm&#8230;1,55 eur\/ks 25cm&#8230;1,75 eur\/ks 30cm&#8230;1,90 eur\/ks 40cm&#8230;2,00 eur\/ks &#8212;&#8212;&#8212;&#8212;&#8212;&#8212;&#8212;&#8212;&#8212;&#8212;&#8212;&#8212;&#8212;&#8212;&#8212;&#8212;&#8212;&#8212;&#8212;- z\u00e1mkova dlazba &#8211; siva farba 10x20x6cm&#8230;..9,99 eur\/m2 ,,H,,.6cm &#8230;..9,99 eur\/m2 &#8212;&#8212;&#8212;&#8212;&#8212;&#8212;&#8212;&#8212;&#8212;&#8212;&#8212;&#8212;&#8212;&#8212;&#8212;&#8212;&#8212;&#8212;&#8212; zatravnovacka 40x40x8cm&#8230;1,80 eur\/ks 60x40x10cm&#8230;..2,60 eur\/ks &#8212;&#8212;&#8212;&#8212;&#8212;&#8212;&#8212;&#8212;&#8212;&#8212;&#8212;&#8212;&#8212;&#8212;&#8212;&#8212;&#8212;&#8212;- betonove skruze 50\/100&#8230;&#8230;50 eur\/ks 60\/100&#8230;.60 eur\/ks 80\/100&#8230;.70 eur\/ks &#8212;&#8212;&#8212;&#8212;&#8212;&#8212;&#8212;&#8212;&#8212;&#8212;&#8212;&#8212;&#8212;&#8212;&#8212;&#8212;&#8212; SUCH\u00c1 V\u00ddSTAVBA: OSB dosky 10mm&#8230;.4,65 eur\/m2 12mm&#8230;.5,40 eur\/m2 15mm&#8230;6,75 eur\/m2 18mm&#8230;8,10 eur\/m2 &hellip; Novinky\/Akcie \u010c\u00edtajte viac &raquo;","og_url":"https:\/\/www.ceginvest.sk\/?page_id=162","og_site_name":"C.E.G. investment a.s.","article_modified_time":"2022-11-07T14:34:56+00:00","og_image":[{"url":"https:\/\/www.ceginvest.sk\/wp-content\/uploads\/2022\/10\/Profily-akcia-sep-2_page-0001-e1667831138191.jpg"}],"twitter_card":"summary_large_image","twitter_misc":{"Predpokladan\u00fd \u010das \u010d\u00edtania":"2 min\u00faty"},"schema":{"@context":"https:\/\/schema.org","@graph":[{"@type":"WebSite","@id":"https:\/\/www.ceginvest.sk\/#website","url":"https:\/\/www.ceginvest.sk\/","name":"C.E.G. investment a.s.","description":"Kvalitn\u00e9 stavebn\u00e9 materi\u00e1ly","potentialAction":[{"@type":"SearchAction","target":{"@type":"EntryPoint","urlTemplate":"https:\/\/www.ceginvest.sk\/?s={search_term_string}"},"query-input":"required name=search_term_string"}],"inLanguage":"sk-SK"},{"@type":"ImageObject","@id":"https:\/\/www.ceginvest.sk\/?page_id=162#primaryimage","inLanguage":"sk-SK","url":"https:\/\/www.ceginvest.sk\/wp-content\/uploads\/2022\/10\/Profily-akcia-sep-2_page-0001-e1667831138191.jpg","contentUrl":"https:\/\/www.ceginvest.sk\/wp-content\/uploads\/2022\/10\/Profily-akcia-sep-2_page-0001-e1667831138191.jpg","width":1241,"height":289},{"@type":"WebPage","@id":"https:\/\/www.ceginvest.sk\/?page_id=162#webpage","url":"https:\/\/www.ceginvest.sk\/?page_id=162","name":"Novinky\/Akcie - C.E.G. investment a.s.","isPartOf":{"@id":"https:\/\/www.ceginvest.sk\/#website"},"primaryImageOfPage":{"@id":"https:\/\/www.ceginvest.sk\/?page_id=162#primaryimage"},"datePublished":"2020-08-19T04:19:39+00:00","dateModified":"2022-11-07T14:34:56+00:00","breadcrumb":{"@id":"https:\/\/www.ceginvest.sk\/?page_id=162#breadcrumb"},"inLanguage":"sk-SK","potentialAction":[{"@type":"ReadAction","target":["https:\/\/www.ceginvest.sk\/?page_id=162"]}]},{"@type":"BreadcrumbList","@id":"https:\/\/www.ceginvest.sk\/?page_id=162#breadcrumb","itemListElement":[{"@type":"ListItem","position":1,"name":"Home","item":"https:\/\/www.ceginvest.sk\/"},{"@type":"ListItem","position":2,"name":"Novinky\/Akcie"}]}]}},"_links":{"self":[{"href":"https:\/\/www.ceginvest.sk\/index.php?rest_route=\/wp\/v2\/pages\/162"}],"collection":[{"href":"https:\/\/www.ceginvest.sk\/index.php?rest_route=\/wp\/v2\/pages"}],"about":[{"href":"https:\/\/www.ceginvest.sk\/index.php?rest_route=\/wp\/v2\/types\/page"}],"author":[{"embeddable":true,"href":"https:\/\/www.ceginvest.sk\/index.php?rest_route=\/wp\/v2\/users\/1"}],"replies":[{"embeddable":true,"href":"https:\/\/www.ceginvest.sk\/index.php?rest_route=%2Fwp%2Fv2%2Fcomments&post=162"}],"version-history":[{"count":6,"href":"https:\/\/www.ceginvest.sk\/index.php?rest_route=\/wp\/v2\/pages\/162\/revisions"}],"predecessor-version":[{"id":989,"href":"https:\/\/www.ceginvest.sk\/index.php?rest_route=\/wp\/v2\/pages\/162\/revisions\/989"}],"wp:attachment":[{"href":"https:\/\/www.ceginvest.sk\/index.php?rest_route=%2Fwp%2Fv2%2Fmedia&parent=162"}],"curies":[{"name":"wp","href":"https:\/\/api.w.org\/{rel}","templated":true}]}}